{"id":30,"date":"2024-04-10T16:05:15","date_gmt":"2024-04-10T14:05:15","guid":{"rendered":"http:\/\/lastropitech.fr\/?page_id=30"},"modified":"2025-11-12T23:14:51","modified_gmt":"2025-11-12T22:14:51","slug":"contact","status":"publish","type":"page","link":"https:\/\/lastropitech.fr\/index.php\/contact\/","title":{"rendered":"Contact"},"content":{"rendered":"\n<p>Pour toute demande de consultation ou de formation : 06 62 27 puis 19 et enfin le soixante-quatorze.<\/p>\n\n\n\n<figure class=\"wp-block-image alignwide size-full\"><img loading=\"lazy\" decoding=\"async\" width=\"1000\" height=\"730\" src=\"https:\/\/lastropitech.fr\/wp-content\/uploads\/2024\/04\/dinard.jpg\" alt=\"\" class=\"wp-image-142\" srcset=\"https:\/\/lastropitech.fr\/wp-content\/uploads\/2024\/04\/dinard.jpg 1000w, https:\/\/lastropitech.fr\/wp-content\/uploads\/2024\/04\/dinard-300x219.jpg 300w\" sizes=\"auto, (max-width: 1000px) 100vw, 1000px\" \/><\/figure>\n\n\n\n<p>Les consultations se font en visioconf\u00e9rence ou sur place, \u00e0 Dinard, \u00e0 mon bureau, selon vos possibilit\u00e9s.<\/p>\n\n\n\n<p><em><strong>Id\u00e9e s\u00e9jour : Organisez un s\u00e9jour touristique sur la c\u00f4te d&rsquo;\u00e9meraude \u00e0 2h30 de Paris-Montparnasse (Dinard, Saint-Malo, le Mont Saint-Michel, Saint-Lunaire, Saint-Briac, Dinan), et venez \u00e0 ma rencontre pour une consultation ou lors des ap\u00e9ros astros que j&rsquo;anime au bar Le Darling (face \u00e0 la plage de l&rsquo;\u00e9cluse). Contactez l&rsquo;office de tourisme de Dinard pour en savoir plus : <a href=\"https:\/\/www.dinardemeraudetourisme.com\/\">https:\/\/www.dinardemeraudetourisme.com\/<\/a><\/strong><\/em><\/p>\n\n\n\n<div style=\"height:218px\" aria-hidden=\"true\" class=\"wp-block-spacer\"><\/div>\n","protected":false},"excerpt":{"rendered":"<p>Pour toute demande de consultation ou de formation : 06 62 27 puis 19 et enfin le soixante-quatorze. Les consultations se font en visioconf\u00e9rence ou sur place, \u00e0 Dinard, \u00e0 mon bureau, selon vos possibilit\u00e9s. Id\u00e9e s\u00e9jour : Organisez un s\u00e9jour touristique sur la c\u00f4te d&rsquo;\u00e9meraude \u00e0 2h30 de Paris-Montparnasse (Dinard, Saint-Malo, le Mont Saint-Michel, &hellip; <\/p>\n<p class=\"link-more\"><a href=\"https:\/\/lastropitech.fr\/index.php\/contact\/\" class=\"more-link\">Lire la suite de<span class=\"screen-reader-text\">\u00ab\u00a0Contact\u00a0\u00bb<\/span><\/a><\/p>\n","protected":false},"author":1,"featured_media":0,"parent":0,"menu_order":0,"comment_status":"closed","ping_status":"closed","template":"","meta":{"footnotes":""},"class_list":["post-30","page","type-page","status-publish","hentry"],"_links":{"self":[{"href":"https:\/\/lastropitech.fr\/index.php\/wp-json\/wp\/v2\/pages\/30","targetHints":{"allow":["GET"]}}],"collection":[{"href":"https:\/\/lastropitech.fr\/index.php\/wp-json\/wp\/v2\/pages"}],"about":[{"href":"https:\/\/lastropitech.fr\/index.php\/wp-json\/wp\/v2\/types\/page"}],"author":[{"embeddable":true,"href":"https:\/\/lastropitech.fr\/index.php\/wp-json\/wp\/v2\/users\/1"}],"replies":[{"embeddable":true,"href":"https:\/\/lastropitech.fr\/index.php\/wp-json\/wp\/v2\/comments?post=30"}],"version-history":[{"count":32,"href":"https:\/\/lastropitech.fr\/index.php\/wp-json\/wp\/v2\/pages\/30\/revisions"}],"predecessor-version":[{"id":297,"href":"https:\/\/lastropitech.fr\/index.php\/wp-json\/wp\/v2\/pages\/30\/revisions\/297"}],"wp:attachment":[{"href":"https:\/\/lastropitech.fr\/index.php\/wp-json\/wp\/v2\/media?parent=30"}],"curies":[{"name":"wp","href":"https:\/\/api.w.org\/{rel}","templated":true}]}}