{"id":3,"date":"2024-04-09T17:23:29","date_gmt":"2024-04-09T15:23:29","guid":{"rendered":"http:\/\/lastropitech.fr\/?page_id=3"},"modified":"2025-01-15T15:25:31","modified_gmt":"2025-01-15T14:25:31","slug":"politique-de-confidentialite","status":"publish","type":"page","link":"https:\/\/lastropitech.fr\/index.php\/politique-de-confidentialite\/","title":{"rendered":"Mentions l\u00e9gales"},"content":{"rendered":"\n<h2 class=\"wp-block-heading\">Auteur<\/h2>\n\n\n\n<p>L\u2019adresse du site est&nbsp;: https:\/\/lastropitech.fr.<\/p>\n\n\n\n<p>Le responsable \u00e9ditorial du site est Arzhur CAOUISSIN, consultant et astrologue.<\/p>\n\n\n\n<p>Le site est h\u00e9berg\u00e9 chez OVH.<\/p>\n\n\n\n<h2 class=\"wp-block-heading\">Titre professionnel<\/h2>\n\n\n\n<p>Astrologue membre de la <strong>F\u00e9d\u00e9ration des astrologues Francophones<\/strong> (<a href=\"https:\/\/federation-astrologues.com\/\">https:\/\/federation-astrologues.com\/<\/a>).<\/p>\n\n\n\n<p>Code de d\u00e9ontologie : <a href=\"https:\/\/federation-astrologues.com\/2022\/03\/25\/le-code-de-deontologie\/\">https:\/\/federation-astrologues.com\/2022\/03\/25\/le-code-de-deontologie\/<\/a><\/p>\n\n\n\n<h2 class=\"wp-block-heading\">Cookies<\/h2>\n\n\n\n<p>Si vous vous rendez sur la page de connexion, un cookie temporaire sera cr\u00e9\u00e9 afin de d\u00e9terminer si votre navigateur accepte les cookies. Il ne contient pas de donn\u00e9es personnelles et sera supprim\u00e9 automatiquement \u00e0 la fermeture de votre navigateur.<\/p>\n\n\n\n<p>Lorsque vous vous connecterez, nous mettrons en place un certain nombre de cookies pour enregistrer vos informations de connexion et vos pr\u00e9f\u00e9rences d\u2019\u00e9cran. La dur\u00e9e de vie d\u2019un cookie de connexion est de deux jours, celle d\u2019un cookie d\u2019option d\u2019\u00e9cran est d\u2019un an. Si vous cochez \u00ab&nbsp;Se souvenir de moi&nbsp;\u00bb, votre cookie de connexion sera conserv\u00e9 pendant deux semaines. Si vous vous d\u00e9connectez de votre compte, le cookie de connexion sera effac\u00e9.<\/p>\n\n\n\n<p>En modifiant ou en publiant une publication, un cookie suppl\u00e9mentaire sera enregistr\u00e9 dans votre navigateur. Ce cookie ne comprend aucune donn\u00e9e personnelle. Il indique simplement l\u2019ID de la publication que vous venez de modifier. Il expire au bout d\u2019un jour.<\/p>\n\n\n\n<h2 class=\"wp-block-heading\">Contenu embarqu\u00e9 depuis d\u2019autres sites<\/h2>\n\n\n\n<p>Les articles de ce site peuvent inclure des contenus int\u00e9gr\u00e9s (par exemple des vid\u00e9os, images, articles, publicit\u00e9s\u2026). Le contenu int\u00e9gr\u00e9 depuis d\u2019autres sites se comporte de la m\u00eame mani\u00e8re que si le visiteur se rendait sur cet autre site.<\/p>\n\n\n\n<p>Ces sites web pourraient collecter des donn\u00e9es sur vous, utiliser des cookies, embarquer des outils de suivis tiers, suivre vos interactions avec ces contenus embarqu\u00e9s si vous disposez d\u2019un compte connect\u00e9 sur leur site web.<\/p>\n\n\n\n<h2 class=\"wp-block-heading\">Utilisation et transmission de vos donn\u00e9es personnelles<\/h2>\n\n\n\n<p>Si un formulaire est mis \u00e0 votre disposition pour prendre contact, des donn\u00e9es sont m\u00e9caniquement transmises au destinataire lors de la demande d&rsquo;envoi. Conform\u00e9ment \u00e0 la r\u00e9glementation, vous pouvez demander de supprimer les donn\u00e9es enregistr\u00e9es ou les faire modifier.<\/p>\n","protected":false},"excerpt":{"rendered":"<p>Auteur L\u2019adresse du site est&nbsp;: https:\/\/lastropitech.fr. Le responsable \u00e9ditorial du site est Arzhur CAOUISSIN, consultant et astrologue. Le site est h\u00e9berg\u00e9 chez OVH. Titre professionnel Astrologue membre de la F\u00e9d\u00e9ration des astrologues Francophones (https:\/\/federation-astrologues.com\/). Code de d\u00e9ontologie : https:\/\/federation-astrologues.com\/2022\/03\/25\/le-code-de-deontologie\/ Cookies Si vous vous rendez sur la page de connexion, un cookie temporaire sera cr\u00e9\u00e9 afin &hellip; <\/p>\n<p class=\"link-more\"><a href=\"https:\/\/lastropitech.fr\/index.php\/politique-de-confidentialite\/\" class=\"more-link\">Lire la suite de<span class=\"screen-reader-text\">\u00ab\u00a0Mentions l\u00e9gales\u00a0\u00bb<\/span><\/a><\/p>\n","protected":false},"author":1,"featured_media":0,"parent":0,"menu_order":0,"comment_status":"closed","ping_status":"open","template":"","meta":{"footnotes":""},"class_list":["post-3","page","type-page","status-publish","hentry"],"_links":{"self":[{"href":"https:\/\/lastropitech.fr\/index.php\/wp-json\/wp\/v2\/pages\/3","targetHints":{"allow":["GET"]}}],"collection":[{"href":"https:\/\/lastropitech.fr\/index.php\/wp-json\/wp\/v2\/pages"}],"about":[{"href":"https:\/\/lastropitech.fr\/index.php\/wp-json\/wp\/v2\/types\/page"}],"author":[{"embeddable":true,"href":"https:\/\/lastropitech.fr\/index.php\/wp-json\/wp\/v2\/users\/1"}],"replies":[{"embeddable":true,"href":"https:\/\/lastropitech.fr\/index.php\/wp-json\/wp\/v2\/comments?post=3"}],"version-history":[{"count":9,"href":"https:\/\/lastropitech.fr\/index.php\/wp-json\/wp\/v2\/pages\/3\/revisions"}],"predecessor-version":[{"id":192,"href":"https:\/\/lastropitech.fr\/index.php\/wp-json\/wp\/v2\/pages\/3\/revisions\/192"}],"wp:attachment":[{"href":"https:\/\/lastropitech.fr\/index.php\/wp-json\/wp\/v2\/media?parent=3"}],"curies":[{"name":"wp","href":"https:\/\/api.w.org\/{rel}","templated":true}]}}