{"id":153,"date":"2024-04-11T10:53:20","date_gmt":"2024-04-11T08:53:20","guid":{"rendered":"http:\/\/lastropitech.fr\/?page_id=153"},"modified":"2026-04-03T15:10:07","modified_gmt":"2026-04-03T13:10:07","slug":"evenements","status":"publish","type":"page","link":"https:\/\/lastropitech.fr\/index.php\/evenements\/","title":{"rendered":"Evenements"},"content":{"rendered":"\n<div class=\"wp-block-media-text is-stacked-on-mobile is-vertically-aligned-top\" style=\"grid-template-columns:30% auto\"><figure class=\"wp-block-media-text__media\"><img loading=\"lazy\" decoding=\"async\" width=\"694\" height=\"1024\" src=\"https:\/\/lastropitech.fr\/wp-content\/uploads\/2024\/12\/apero-astro-1-694x1024.png\" alt=\"\" class=\"wp-image-183 size-full\" srcset=\"https:\/\/lastropitech.fr\/wp-content\/uploads\/2024\/12\/apero-astro-1-694x1024.png 694w, https:\/\/lastropitech.fr\/wp-content\/uploads\/2024\/12\/apero-astro-1-203x300.png 203w, https:\/\/lastropitech.fr\/wp-content\/uploads\/2024\/12\/apero-astro-1.png 1044w\" sizes=\"auto, (max-width: 694px) 100vw, 694px\" \/><\/figure><div class=\"wp-block-media-text__content\">\n<h2 class=\"wp-block-heading\">L&rsquo;Ap\u00e9ro Astro public<\/h2>\n\n\n\n<p>Le premier dimanche de chaque mois, de 18h \u00e0 19h30, rendez-vous au caf\u00e9 bar :<\/p>\n\n\n\n<p><strong>Le DARLING<\/strong> de l&rsquo;h\u00f4tel Emeraude, \u00e0 DINARD.<\/p>\n\n\n\n<p><a href=\"https:\/\/www.google.fr\/maps\/search\/bar+le+derjeeling+dinard\/@48.6354773,-2.0575114,17.22z?hl=fr&amp;entry=ttu\">Acc\u00e8s<\/a><\/p>\n\n\n\n<p>C&rsquo;est face \u00e0 la plage de l&rsquo;\u00e9cluse, devant le cin\u00e9ma d&rsquo;Arts et essais, dans une somptueuse verri\u00e8re coloniale absolument propice \u00e0 la d\u00e9tente et aux \u00e9changes.<\/p>\n\n\n\n<p>Inscription gratuite mais obligatoire, au num\u00e9ro mentionn\u00e9 dans mes <a href=\"https:\/\/lastropitech.fr\/index.php\/contact\/\" data-type=\"page\" data-id=\"30\">contacts<\/a>, dans la limite des places disponibles (20 personnes maximum).<\/p>\n<\/div><\/div>\n\n\n\n<div style=\"height:100px\" aria-hidden=\"true\" class=\"wp-block-spacer\"><\/div>\n\n\n\n<div class=\"wp-block-media-text is-stacked-on-mobile is-vertically-aligned-top\" style=\"grid-template-columns:30% auto\"><figure class=\"wp-block-media-text__media\"><img loading=\"lazy\" decoding=\"async\" width=\"1024\" height=\"1024\" src=\"https:\/\/lastropitech.fr\/wp-content\/uploads\/2025\/08\/apero-astro-1024x1024.png\" alt=\"Ap\u00e9ro astro \u00e0 domicile\" class=\"wp-image-256 size-full\" srcset=\"https:\/\/lastropitech.fr\/wp-content\/uploads\/2025\/08\/apero-astro-1024x1024.png 1024w, https:\/\/lastropitech.fr\/wp-content\/uploads\/2025\/08\/apero-astro-300x300.png 300w, https:\/\/lastropitech.fr\/wp-content\/uploads\/2025\/08\/apero-astro-150x150.png 150w, https:\/\/lastropitech.fr\/wp-content\/uploads\/2025\/08\/apero-astro.png 2000w\" sizes=\"auto, (max-width: 1024px) 100vw, 1024px\" \/><\/figure><div class=\"wp-block-media-text__content\">\n<h2 class=\"wp-block-heading\">L&rsquo;Ap\u00e9ro Astro privatis\u00e9<\/h2>\n\n\n\n<p>L&rsquo;ap\u00e9ro astro s&rsquo;invite d\u00e9sormais chez vous !<\/p>\n\n\n\n<ul class=\"wp-block-list\">\n<li>Soir\u00e9e entre amis<\/li>\n\n\n\n<li>Enterrement de vie de jeune fille<\/li>\n\n\n\n<li>Anniversaire<\/li>\n\n\n\n<li>Baby shower, naissance<\/li>\n\n\n\n<li>D\u00e9part en retraite<\/li>\n\n\n\n<li>S\u00e9minaires d&rsquo;entreprise, coaching, Team building<\/li>\n<\/ul>\n\n\n\n<p>Vivez un moment de convivialit\u00e9 et d&rsquo;\u00e9change autour de vos th\u00e8mes et de l&rsquo;astrologie. Un groupe d&rsquo;amis, un astrologue, on \u00e9tudie tour \u00e0 tour le th\u00e8me de chacun. J&rsquo;en profite pour vous familiariser avec la pratique astrologique et r\u00e9ponds aux questions, y compris des plus r\u00e9fractaires. De bons moments en perspective. Et, en plus de conna\u00eetre chacun ce que le ciel vous propose, vous apprenez \u00e0 mieux vous conna\u00eetre les uns et les autres. Un temps d&rsquo;\u00e9change id\u00e9al entre amis, en management ou pour consolider une dynamique de groupe.<\/p>\n\n\n\n<p>Je me d\u00e9place chez vous ou en entreprise. J&rsquo;\u00e9dite une carte du ciel et ses transits pour chacun. Un acte de naissance est requis avant l&rsquo;intervention. Dur\u00e9e, environ 30mn\/personne.  Frais de d\u00e9placement non compris \u00e0 plus de 10mn de Dinard.<\/p>\n\n\n\n<p><strong>Tarif : <\/strong><s>50\u20ac<\/s><strong> 30\u20ac\/pers.<\/strong>\u00a0(de 3 \u00e0 8 personnes) |\u00a0<a href=\"https:\/\/lastropitech.fr\/index.php\/contact\/\">Contact<\/a><\/p>\n\n\n\n<p>T\u00e9moignages :<\/p>\n\n\n\n<figure class=\"wp-block-image size-large\"><img loading=\"lazy\" decoding=\"async\" width=\"1024\" height=\"768\" src=\"https:\/\/lastropitech.fr\/wp-content\/uploads\/2025\/08\/apero-astro-1024x768.jpeg\" alt=\"\" class=\"wp-image-278\" srcset=\"https:\/\/lastropitech.fr\/wp-content\/uploads\/2025\/08\/apero-astro-1024x768.jpeg 1024w, https:\/\/lastropitech.fr\/wp-content\/uploads\/2025\/08\/apero-astro-300x225.jpeg 300w, https:\/\/lastropitech.fr\/wp-content\/uploads\/2025\/08\/apero-astro.jpeg 1600w\" sizes=\"auto, (max-width: 1024px) 100vw, 1024px\" \/><\/figure>\n\n\n\n<p class=\"has-text-align-center has-secondary-color has-text-color has-link-color wp-elements-97d5c343dc3327dab83d50200e310295\"><em>\u00ab&nbsp;Les ap\u00e9ros d&rsquo;Arzhur : j\u2019attendais ce moment avec impatience\u2026<\/em><br><em>Pouvoir me retrouver entre copines dans une soir\u00e9e hors du temps et intime, autour d\u2019une bonne bouteille et de franche rigolade, quelle joie de d\u00e9couvrir son th\u00e8me astral avec un professionnel en la mati\u00e8re et avec une bienveillance absolu, c\u2019\u00e9tait une soir\u00e9e magique et tellement enrichissante \u2600\ufe0f\u2728MERCI \ud83c\udf39&nbsp;\u00bb.<\/em><\/p>\n\n\n\n<p class=\"has-text-align-center has-secondary-color has-text-color has-link-color wp-elements-8e01f0a9dd1d0072d6834d834f67136b\">\u2014MARINA\u2014<\/p>\n\n\n\n<p class=\"has-secondary-color has-text-color has-link-color wp-elements-01353f6ed4c71354dd236f41e1eb17e5\">\u00ab&nbsp;C est une excellente id\u00e9e ces Ap\u00e9ros Astros. Les Aperos Astros\u2728 d\u2019Arzhur sont des moments de partages inoubliables, de convivialit\u00e9 et de riches conversations aussi dr\u00f4les que profondes. Quoi de mieux que de lever son verre, entre amis, vers les Astres et se laisser guider par l\u2019\u00e9coute et la bienveillance d\u2019Arzhur. Je recommande chaleureusement<em>. \u00bb<\/em><\/p>\n\n\n\n<p class=\"has-text-align-center has-secondary-color has-text-color has-link-color wp-elements-28c7f961864c4cbb309d2af1976dff5e\">\u2014MARIE\u2014<\/p>\n<\/div><\/div>\n\n\n\n<div style=\"height:100px\" aria-hidden=\"true\" class=\"wp-block-spacer\"><\/div>\n","protected":false},"excerpt":{"rendered":"<p>L&rsquo;Ap\u00e9ro Astro public Le premier dimanche de chaque mois, de 18h \u00e0 19h30, rendez-vous au caf\u00e9 bar : Le DARLING de l&rsquo;h\u00f4tel Emeraude, \u00e0 DINARD. Acc\u00e8s C&rsquo;est face \u00e0 la plage de l&rsquo;\u00e9cluse, devant le cin\u00e9ma d&rsquo;Arts et essais, dans une somptueuse verri\u00e8re coloniale absolument propice \u00e0 la d\u00e9tente et aux \u00e9changes. Inscription gratuite mais &hellip; <\/p>\n<p class=\"link-more\"><a href=\"https:\/\/lastropitech.fr\/index.php\/evenements\/\" class=\"more-link\">Lire la suite de<span class=\"screen-reader-text\">\u00ab\u00a0Evenements\u00a0\u00bb<\/span><\/a><\/p>\n","protected":false},"author":1,"featured_media":0,"parent":0,"menu_order":0,"comment_status":"closed","ping_status":"closed","template":"","meta":{"footnotes":""},"class_list":["post-153","page","type-page","status-publish","hentry"],"_links":{"self":[{"href":"https:\/\/lastropitech.fr\/index.php\/wp-json\/wp\/v2\/pages\/153","targetHints":{"allow":["GET"]}}],"collection":[{"href":"https:\/\/lastropitech.fr\/index.php\/wp-json\/wp\/v2\/pages"}],"about":[{"href":"https:\/\/lastropitech.fr\/index.php\/wp-json\/wp\/v2\/types\/page"}],"author":[{"embeddable":true,"href":"https:\/\/lastropitech.fr\/index.php\/wp-json\/wp\/v2\/users\/1"}],"replies":[{"embeddable":true,"href":"https:\/\/lastropitech.fr\/index.php\/wp-json\/wp\/v2\/comments?post=153"}],"version-history":[{"count":27,"href":"https:\/\/lastropitech.fr\/index.php\/wp-json\/wp\/v2\/pages\/153\/revisions"}],"predecessor-version":[{"id":314,"href":"https:\/\/lastropitech.fr\/index.php\/wp-json\/wp\/v2\/pages\/153\/revisions\/314"}],"wp:attachment":[{"href":"https:\/\/lastropitech.fr\/index.php\/wp-json\/wp\/v2\/media?parent=153"}],"curies":[{"name":"wp","href":"https:\/\/api.w.org\/{rel}","templated":true}]}}