{"id":11,"date":"2024-04-10T13:55:04","date_gmt":"2024-04-10T11:55:04","guid":{"rendered":"http:\/\/lastropitech.fr\/?page_id=11"},"modified":"2026-04-03T15:57:19","modified_gmt":"2026-04-03T13:57:19","slug":"consultations","status":"publish","type":"page","link":"https:\/\/lastropitech.fr\/index.php\/consultations\/","title":{"rendered":"Consultations"},"content":{"rendered":"\n<h2 class=\"wp-block-heading has-secondary-color has-text-color has-link-color wp-elements-b63ff2d40eedd9a01c677993a6ab3020\"><em>Nouveaux tarifs 2026, sp\u00e9cial baisse du pouvoir d&rsquo;achat !<\/em><\/h2>\n\n\n\n<div class=\"wp-block-columns alignwide is-layout-flex wp-container-core-columns-is-layout-28f84493 wp-block-columns-is-layout-flex\">\n<div class=\"wp-block-column is-layout-flow wp-block-column-is-layout-flow\" style=\"flex-basis:35%\">\n<figure class=\"wp-block-image size-large is-resized\"><img loading=\"lazy\" decoding=\"async\" width=\"1024\" height=\"1024\" src=\"https:\/\/lastropitech.fr\/wp-content\/uploads\/2025\/08\/apero-astro-1024x1024.png\" alt=\"ap\u00e9ro astro \u00e0 domicile\" class=\"wp-image-256\" style=\"object-fit:cover;width:300px;height:300px\" srcset=\"https:\/\/lastropitech.fr\/wp-content\/uploads\/2025\/08\/apero-astro-1024x1024.png 1024w, https:\/\/lastropitech.fr\/wp-content\/uploads\/2025\/08\/apero-astro-300x300.png 300w, https:\/\/lastropitech.fr\/wp-content\/uploads\/2025\/08\/apero-astro-150x150.png 150w, https:\/\/lastropitech.fr\/wp-content\/uploads\/2025\/08\/apero-astro.png 2000w\" sizes=\"auto, (max-width: 1024px) 100vw, 1024px\" \/><\/figure>\n<\/div>\n\n\n\n<div class=\"wp-block-column is-layout-flow wp-block-column-is-layout-flow\" style=\"flex-basis:65%\">\n<h2 class=\"wp-block-heading\">L&rsquo;ap\u00e9ro astro \u00e0 domicile<\/h2>\n\n\n\n<p>Fort du succ\u00e8s de notre formule publique de l&rsquo;Ap\u00e9ro astro, qui se d\u00e9roule chaque 1er dimanche du mois au bar Le darling de Dinard, l&rsquo;exercice est d\u00e9sormais disponible en s\u00e9ance priv\u00e9e. Vous disposez de plus de temps par personne et gagnez la possibilit\u00e9 d&rsquo;aborder des questions personnelles. R\u00e9servez, sans plus attendre, pour une s\u00e9ance \u00e0 domicile entre amis. C&rsquo;est aussi l&rsquo;occasion de d\u00e9couvrir l&rsquo;astrologie et de bien s&rsquo;en amuser (voir aussi rubrique <em><a href=\"https:\/\/lastropitech.fr\/index.php\/evenements\/\" data-type=\"page\" data-id=\"153\">\u00e9v\u00e9nementiel<\/a><\/em>). Secteur de Dinard et alentours.<\/p>\n\n\n\n<p><strong>Tarif : <\/strong><s>50\u20ac<\/s><strong> 30\u20ac\/pers.<\/strong> (de 3 \u00e0 8 personnes) | <a href=\"https:\/\/lastropitech.fr\/index.php\/contact\/\" data-type=\"page\" data-id=\"30\">Contact<\/a><\/p>\n<\/div>\n<\/div>\n\n\n\n<div class=\"wp-block-columns alignwide is-layout-flex wp-container-core-columns-is-layout-28f84493 wp-block-columns-is-layout-flex\">\n<div class=\"wp-block-column is-layout-flow wp-block-column-is-layout-flow\" style=\"flex-basis:35%\">\n<figure class=\"wp-block-image is-resized\"><img loading=\"lazy\" decoding=\"async\" width=\"1024\" height=\"1024\" src=\"https:\/\/lastropitech.fr\/wp-content\/uploads\/2024\/04\/theme-natal-1024x1024.png\" alt=\"Th\u00e8me natal\" class=\"wp-image-12\" style=\"object-fit:cover;width:300px;height:300px\" srcset=\"https:\/\/lastropitech.fr\/wp-content\/uploads\/2024\/04\/theme-natal-1024x1024.png 1024w, https:\/\/lastropitech.fr\/wp-content\/uploads\/2024\/04\/theme-natal-300x300.png 300w, https:\/\/lastropitech.fr\/wp-content\/uploads\/2024\/04\/theme-natal-150x150.png 150w, https:\/\/lastropitech.fr\/wp-content\/uploads\/2024\/04\/theme-natal-768x768.png 768w, https:\/\/lastropitech.fr\/wp-content\/uploads\/2024\/04\/theme-natal-1536x1536.png 1536w, https:\/\/lastropitech.fr\/wp-content\/uploads\/2024\/04\/theme-natal.png 2000w\" sizes=\"auto, (max-width: 1024px) 100vw, 1024px\" \/><\/figure>\n<\/div>\n\n\n\n<div class=\"wp-block-column is-layout-flow wp-block-column-is-layout-flow\" style=\"flex-basis:65%\">\n<h2 class=\"wp-block-heading\">Le th\u00e8me natal<\/h2>\n\n\n\n<p>Demandez <strong>le th\u00e8me natal<\/strong> pour d\u00e9couvrir votre personnalit\u00e9 ou celle d&rsquo;un proche* (*sur consentement \u00e9crit ou pour votre enfant). L&rsquo;\u00e9tude du th\u00e8me se fait \u00e0 partir d&rsquo;une copie d&rsquo;un acte de naissance (disponible \u00e0 la mairie de votre ville natale). On y d\u00e9crypte vos atouts, vos faiblesses, les moyens de les contourner, ainsi que la direction de vie qui s&rsquo;impose \u00e0 vous. Indispensable pour se conna\u00eetre, utile dans les relations (management en entreprise, parentalit\u00e9, couple). La consultation dure 1h, \u00e0 Dinard (35) ou en visio.<\/p>\n\n\n\n<p><strong>Tarif : <\/strong><s>120\u20ac<\/s> <strong>90\u20ac<\/strong> | <a href=\"https:\/\/lastropitech.fr\/index.php\/contact\/\" data-type=\"page\" data-id=\"30\">Contact<\/a><\/p>\n<\/div>\n<\/div>\n\n\n\n<div class=\"wp-block-columns alignwide is-layout-flex wp-container-core-columns-is-layout-28f84493 wp-block-columns-is-layout-flex\">\n<div class=\"wp-block-column is-layout-flow wp-block-column-is-layout-flow\" style=\"flex-basis:35%\">\n<figure class=\"wp-block-image size-large is-resized\"><img loading=\"lazy\" decoding=\"async\" width=\"1024\" height=\"1024\" src=\"https:\/\/lastropitech.fr\/wp-content\/uploads\/2024\/04\/transits-1024x1024.png\" alt=\"Les transits\" class=\"wp-image-18\" style=\"object-fit:cover;width:300px;height:300px\" srcset=\"https:\/\/lastropitech.fr\/wp-content\/uploads\/2024\/04\/transits-1024x1024.png 1024w, https:\/\/lastropitech.fr\/wp-content\/uploads\/2024\/04\/transits-300x300.png 300w, https:\/\/lastropitech.fr\/wp-content\/uploads\/2024\/04\/transits-150x150.png 150w, https:\/\/lastropitech.fr\/wp-content\/uploads\/2024\/04\/transits-768x768.png 768w, https:\/\/lastropitech.fr\/wp-content\/uploads\/2024\/04\/transits-1536x1536.png 1536w, https:\/\/lastropitech.fr\/wp-content\/uploads\/2024\/04\/transits.png 2000w\" sizes=\"auto, (max-width: 1024px) 100vw, 1024px\" \/><\/figure>\n<\/div>\n\n\n\n<div class=\"wp-block-column is-layout-flow wp-block-column-is-layout-flow\" style=\"flex-basis:65%\">\n<h2 class=\"wp-block-heading\">R\u00e9volution solaire, transits annuels<\/h2>\n\n\n\n<p>Demandez <strong>l&rsquo;\u00e9tude de la RS et des transits<\/strong> pour appr\u00e9hender les \u00e9nergies de l&rsquo;ann\u00e9e en cours, surmonter des difficult\u00e9s ou pr\u00e9parer un projet, faire un point annuel, anticiper les \u00e9nergies li\u00e9es aux cycles karmiques* (*noeud nord) et identifier les secteurs de vie \u00e0 travailler ainsi que les opportunit\u00e9s (amour, sant\u00e9, travail&#8230;). Il est n\u00e9cessaire d&rsquo;avoir d\u00e9j\u00e0 \u00e9tudi\u00e9 votre th\u00e8me natal avant d&rsquo;aborder les transits. Cette offre est r\u00e9serv\u00e9e \u00e0 ceux dont j&rsquo;ai d\u00e9j\u00e0 pr\u00e9alablement \u00e9tudi\u00e9 le th\u00e8me natal. La consultation dure 0h45, \u00e0 Dinard (35) ou en visio.<\/p>\n\n\n\n<p><strong>Tarif : <\/strong><s>90\u20ac<\/s><strong> 60\u20ac<\/strong> | <a href=\"https:\/\/lastropitech.fr\/index.php\/contact\/\" data-type=\"page\" data-id=\"30\">Contact<\/a><\/p>\n<\/div>\n<\/div>\n\n\n\n<div class=\"wp-block-columns alignwide is-layout-flex wp-container-core-columns-is-layout-28f84493 wp-block-columns-is-layout-flex\">\n<div class=\"wp-block-column is-layout-flow wp-block-column-is-layout-flow\" style=\"flex-basis:35%\">\n<figure class=\"wp-block-image size-large is-resized\"><img loading=\"lazy\" decoding=\"async\" width=\"1024\" height=\"1024\" src=\"https:\/\/lastropitech.fr\/wp-content\/uploads\/2024\/04\/natal-transit-1024x1024.png\" alt=\"Combo : Th\u00e8me natal + Transits\" class=\"wp-image-20\" style=\"object-fit:cover;width:300px;height:300px\" srcset=\"https:\/\/lastropitech.fr\/wp-content\/uploads\/2024\/04\/natal-transit-1024x1024.png 1024w, https:\/\/lastropitech.fr\/wp-content\/uploads\/2024\/04\/natal-transit-300x300.png 300w, https:\/\/lastropitech.fr\/wp-content\/uploads\/2024\/04\/natal-transit-150x150.png 150w, https:\/\/lastropitech.fr\/wp-content\/uploads\/2024\/04\/natal-transit-768x768.png 768w, https:\/\/lastropitech.fr\/wp-content\/uploads\/2024\/04\/natal-transit-1536x1536.png 1536w, https:\/\/lastropitech.fr\/wp-content\/uploads\/2024\/04\/natal-transit.png 2000w\" sizes=\"auto, (max-width: 1024px) 100vw, 1024px\" \/><\/figure>\n<\/div>\n\n\n\n<div class=\"wp-block-column is-layout-flow wp-block-column-is-layout-flow\" style=\"flex-basis:65%\">\n<h2 class=\"wp-block-heading\">Th\u00e8me natal + Transits<\/h2>\n\n\n\n<p>Demandez le combo : <strong>Th\u00e8me natal + RS<\/strong> pour \u00e9tudier \u00e0 la fois le th\u00e8me de naissance et faire le point sur les \u00e9nergies du moment. C&rsquo;est l&rsquo;offre la plus adapt\u00e9e \u00e0 toute premi\u00e8re demande. Et pour faciliter l&rsquo;acc\u00e8s au service, je propose un tarif pr\u00e9f\u00e9rentiel. La consultation dure 1h30, \u00e0 Dinard (35) ou en visio.<\/p>\n\n\n\n<p><strong>Tarif : <\/strong><s>210\u20ac<\/s> <s><strong>150\u20ac<\/strong><\/s> <strong>120\u20ac<\/strong> | <a href=\"https:\/\/lastropitech.fr\/index.php\/contact\/\" data-type=\"page\" data-id=\"30\">Contact<\/a><\/p>\n<\/div>\n<\/div>\n\n\n\n<div style=\"height:100px\" aria-hidden=\"true\" class=\"wp-block-spacer\"><\/div>\n","protected":false},"excerpt":{"rendered":"<p>Nouveaux tarifs 2026, sp\u00e9cial baisse du pouvoir d&rsquo;achat ! L&rsquo;ap\u00e9ro astro \u00e0 domicile Fort du succ\u00e8s de notre formule publique de l&rsquo;Ap\u00e9ro astro, qui se d\u00e9roule chaque 1er dimanche du mois au bar Le darling de Dinard, l&rsquo;exercice est d\u00e9sormais disponible en s\u00e9ance priv\u00e9e. Vous disposez de plus de temps par personne et gagnez la &hellip; <\/p>\n<p class=\"link-more\"><a href=\"https:\/\/lastropitech.fr\/index.php\/consultations\/\" class=\"more-link\">Lire la suite de<span class=\"screen-reader-text\">\u00ab\u00a0Consultations\u00a0\u00bb<\/span><\/a><\/p>\n","protected":false},"author":1,"featured_media":0,"parent":0,"menu_order":0,"comment_status":"closed","ping_status":"closed","template":"","meta":{"footnotes":""},"class_list":["post-11","page","type-page","status-publish","hentry"],"_links":{"self":[{"href":"https:\/\/lastropitech.fr\/index.php\/wp-json\/wp\/v2\/pages\/11","targetHints":{"allow":["GET"]}}],"collection":[{"href":"https:\/\/lastropitech.fr\/index.php\/wp-json\/wp\/v2\/pages"}],"about":[{"href":"https:\/\/lastropitech.fr\/index.php\/wp-json\/wp\/v2\/types\/page"}],"author":[{"embeddable":true,"href":"https:\/\/lastropitech.fr\/index.php\/wp-json\/wp\/v2\/users\/1"}],"replies":[{"embeddable":true,"href":"https:\/\/lastropitech.fr\/index.php\/wp-json\/wp\/v2\/comments?post=11"}],"version-history":[{"count":39,"href":"https:\/\/lastropitech.fr\/index.php\/wp-json\/wp\/v2\/pages\/11\/revisions"}],"predecessor-version":[{"id":317,"href":"https:\/\/lastropitech.fr\/index.php\/wp-json\/wp\/v2\/pages\/11\/revisions\/317"}],"wp:attachment":[{"href":"https:\/\/lastropitech.fr\/index.php\/wp-json\/wp\/v2\/media?parent=11"}],"curies":[{"name":"wp","href":"https:\/\/api.w.org\/{rel}","templated":true}]}}